{"id":15996,"date":"2025-07-17T10:56:56","date_gmt":"2025-07-17T13:56:56","guid":{"rendered":"https:\/\/exc.rio.br\/blog\/?page_id=15996"},"modified":"2025-07-21T14:21:34","modified_gmt":"2025-07-21T17:21:34","slug":"bastidores","status":"publish","type":"page","link":"https:\/\/exc.rio.br\/blog\/bastidores\/","title":{"rendered":"Bastidores"},"content":{"rendered":"\t\t<div data-elementor-type=\"wp-page\" data-elementor-id=\"15996\" class=\"elementor elementor-15996\" data-elementor-post-type=\"page\">\n\t\t\t\t<div class=\"elementor-element elementor-element-8f46d43 e-con-full e-flex e-con e-parent\" data-id=\"8f46d43\" data-element_type=\"container\">\n\t\t\t\t<div class=\"elementor-element elementor-element-59e1607 elementor-grid-3 elementor-grid-tablet-2 elementor-grid-mobile-1 elementor-widget elementor-widget-loop-grid\" data-id=\"59e1607\" data-element_type=\"widget\" data-settings=\"{&quot;template_id&quot;:&quot;16127&quot;,&quot;_skin&quot;:&quot;post&quot;,&quot;columns&quot;:&quot;3&quot;,&quot;columns_tablet&quot;:&quot;2&quot;,&quot;columns_mobile&quot;:&quot;1&quot;,&quot;edit_handle_selector&quot;:&quot;[data-elementor-type=\\&quot;loop-item\\&quot;]&quot;,&quot;row_gap&quot;:{&quot;unit&quot;:&quot;px&quot;,&quot;size&quot;:&quot;&quot;,&quot;sizes&quot;:[]},&quot;row_gap_tablet&quot;:{&quot;unit&quot;:&quot;px&quot;,&quot;size&quot;:&quot;&quot;,&quot;sizes&quot;:[]},&quot;row_gap_mobile&quot;:{&quot;unit&quot;:&quot;px&quot;,&quot;size&quot;:&quot;&quot;,&quot;sizes&quot;:[]}}\" data-widget_type=\"loop-grid.post\">\n\t\t\t\t<div class=\"elementor-widget-container\">\n\t\t\t\t\t\t\t<div class=\"elementor-loop-container elementor-grid\" role=\"list\">\n\t\t<style id=\"loop-16127\">.elementor-16127 .elementor-element.elementor-element-356a0cf6{--display:flex;--flex-direction:column;--container-widget-width:100%;--container-widget-height:initial;--container-widget-flex-grow:0;--container-widget-align-self:initial;--flex-wrap-mobile:wrap;--gap:10px 10px;--row-gap:10px;--column-gap:10px;border-style:none;--border-style:none;--border-radius:20px 20px 20px 20px;box-shadow:0px -5px 6px -60px rgba(0, 0, 0, 0.1);--padding-top:20px;--padding-bottom:55px;--padding-left:20px;--padding-right:20px;}.elementor-16127 .elementor-element.elementor-element-356a0cf6:hover{box-shadow:0px 2px 25px 0px rgba(0, 0, 0, 0.2);}.elementor-16127 .elementor-element.elementor-element-3177ea11{width:100%;max-width:100%;}.elementor-16127 .elementor-element.elementor-element-3177ea11 img{width:100%;height:260px;object-fit:cover;object-position:center center;filter:brightness( 100% ) contrast( 100% ) saturate( 100% ) blur( 0px ) hue-rotate( 0deg );transition-duration:0.3s;}.elementor-16127 .elementor-element.elementor-element-3177ea11:hover img{filter:brightness( 105% ) contrast( 100% ) saturate( 105% ) blur( 0px ) hue-rotate( 0deg );}.elementor-16127 .elementor-element.elementor-element-6c71c73a{--display:flex;--flex-direction:row;--container-widget-width:calc( ( 1 - var( --container-widget-flex-grow ) ) * 100% );--container-widget-height:100%;--container-widget-flex-grow:1;--container-widget-align-self:stretch;--flex-wrap-mobile:wrap;--align-items:center;--gap:14px 14px;--row-gap:14px;--column-gap:14px;--margin-top:15px;--margin-bottom:15px;--margin-left:0px;--margin-right:0px;--padding-top:0px;--padding-bottom:0px;--padding-left:0px;--padding-right:0px;}.elementor-16127 .elementor-element.elementor-element-67b0f63a > .elementor-widget-container{background-color:#B9CEFF;padding:3px 12px 2px 12px;border-radius:30px 30px 30px 30px;}.elementor-16127 .elementor-element.elementor-element-67b0f63a .elementor-heading-title{-webkit-text-stroke-color:#000;stroke:#000;color:var( --e-global-color-secondary );}.elementor-16127 .elementor-element.elementor-element-2eb2b835 .elementor-heading-title{font-family:\"DM Sans\", Sans-serif;font-size:30px;font-weight:400;text-transform:none;font-style:normal;text-decoration:none;line-height:1.2em;letter-spacing:-0.04em;word-spacing:0em;color:#181818;}.elementor-16127 .elementor-element.elementor-element-4ec45a19 .elementor-widget-container{font-family:\"Inter\", Sans-serif;font-size:14px;font-weight:300;text-transform:none;font-style:normal;text-decoration:none;line-height:1.5em;letter-spacing:-0.01em;word-spacing:0em;color:#181818;}@media(max-width:1024px){.elementor-16127 .elementor-element.elementor-element-3177ea11 img{height:200px;}.elementor-16127 .elementor-element.elementor-element-6c71c73a{--justify-content:space-between;}.elementor-16127 .elementor-element.elementor-element-4ec45a19 .elementor-widget-container{font-size:14px;}}@media(max-width:767px){.elementor-16127 .elementor-element.elementor-element-356a0cf6{--gap:10px 10px;--row-gap:10px;--column-gap:10px;--border-radius:0px 0px 0px 0px;--margin-top:0px;--margin-bottom:0px;--margin-left:0px;--margin-right:0px;--padding-top:20px;--padding-bottom:20px;--padding-left:20px;--padding-right:20px;}.elementor-16127 .elementor-element.elementor-element-3177ea11 img{height:168px;}.elementor-16127 .elementor-element.elementor-element-6c71c73a{--justify-content:flex-start;}.elementor-16127 .elementor-element.elementor-element-67b0f63a{width:var( --container-widget-width, 179px );max-width:179px;--container-widget-width:179px;--container-widget-flex-grow:0;text-align:center;}.elementor-16127 .elementor-element.elementor-element-67b0f63a > .elementor-widget-container{padding:0px 0px 0px 0px;}.elementor-16127 .elementor-element.elementor-element-67b0f63a .elementor-heading-title{-webkit-text-stroke-width:0px;stroke-width:0px;}.elementor-16127 .elementor-element.elementor-element-2eb2b835{text-align:start;}.elementor-16127 .elementor-element.elementor-element-2eb2b835 .elementor-heading-title{font-size:27px;}.elementor-16127 .elementor-element.elementor-element-4ec45a19 .elementor-widget-container{text-align:left;font-size:13px;}}<\/style>\t\t<div data-elementor-type=\"loop-item\" data-elementor-id=\"16127\" class=\"elementor elementor-16127 e-loop-item e-loop-item-17498 post-17498 post type-post status-publish format-standard has-post-thumbnail hentry category-bastidores\" data-elementor-post-type=\"elementor_library\" data-custom-edit-handle=\"1\">\n\t\t\t<a class=\"elementor-element elementor-element-356a0cf6 e-con-full e-flex e-con e-parent\" data-id=\"356a0cf6\" data-element_type=\"container\" href=\"https:\/\/exc.rio.br\/blog\/5-motivos-para-escolher-um-espaco-que-eleva-seu-evento\/\">\n\t\t\t\t<div class=\"elementor-element elementor-element-3177ea11 elementor-widget__width-inherit elementor-widget elementor-widget-theme-post-featured-image elementor-widget-image\" data-id=\"3177ea11\" data-element_type=\"widget\" data-widget_type=\"theme-post-featured-image.default\">\n\t\t\t\t<div class=\"elementor-widget-container\">\n\t\t\t\t\t\t\t\t\t\t\t\t\t\t\t<img fetchpriority=\"high\" decoding=\"async\" width=\"2436\" height=\"1400\" src=\"https:\/\/exc.rio.br\/blog\/wp-content\/uploads\/2025\/11\/0715_Yas_0715-min-scaled-e1762883594685.jpg\" class=\"attachment-full size-full wp-image-17502\" alt=\"Espa\u00e7o\" srcset=\"https:\/\/exc.rio.br\/blog\/wp-content\/uploads\/2025\/11\/0715_Yas_0715-min-scaled-e1762883594685.jpg 2436w, https:\/\/exc.rio.br\/blog\/wp-content\/uploads\/2025\/11\/0715_Yas_0715-min-scaled-e1762883594685-300x172.jpg 300w, https:\/\/exc.rio.br\/blog\/wp-content\/uploads\/2025\/11\/0715_Yas_0715-min-scaled-e1762883594685-1024x589.jpg 1024w, https:\/\/exc.rio.br\/blog\/wp-content\/uploads\/2025\/11\/0715_Yas_0715-min-scaled-e1762883594685-768x441.jpg 768w, https:\/\/exc.rio.br\/blog\/wp-content\/uploads\/2025\/11\/0715_Yas_0715-min-scaled-e1762883594685-1536x883.jpg 1536w, https:\/\/exc.rio.br\/blog\/wp-content\/uploads\/2025\/11\/0715_Yas_0715-min-scaled-e1762883594685-2048x1177.jpg 2048w\" sizes=\"(max-width: 2436px) 100vw, 2436px\" \/>\t\t\t\t\t\t\t\t\t\t\t\t\t\t\t<\/div>\n\t\t\t\t<\/div>\n\t\t<div class=\"elementor-element elementor-element-6c71c73a e-con-full e-flex e-con e-child\" data-id=\"6c71c73a\" data-element_type=\"container\">\n\t\t\t\t<div class=\"elementor-element elementor-element-67b0f63a elementor-widget-mobile__width-initial elementor-widget elementor-widget-heading\" data-id=\"67b0f63a\" data-element_type=\"widget\" data-widget_type=\"heading.default\">\n\t\t\t\t<div class=\"elementor-widget-container\">\n\t\t\t\t\t<p class=\"elementor-heading-title elementor-size-default\"><span>Bastidores<\/span><\/p>\t\t\t\t<\/div>\n\t\t\t\t<\/div>\n\t\t\t\t<\/div>\n\t\t\t\t<div class=\"elementor-element elementor-element-2eb2b835 elementor-widget elementor-widget-theme-post-title elementor-page-title elementor-widget-heading\" data-id=\"2eb2b835\" data-element_type=\"widget\" data-widget_type=\"theme-post-title.default\">\n\t\t\t\t<div class=\"elementor-widget-container\">\n\t\t\t\t\t<h4 class=\"elementor-heading-title elementor-size-default\">5 motivos para escolher um espa\u00e7o que eleva seu evento<\/h4>\t\t\t\t<\/div>\n\t\t\t\t<\/div>\n\t\t\t\t<div class=\"elementor-element elementor-element-4ec45a19 elementor-widget elementor-widget-theme-post-excerpt\" data-id=\"4ec45a19\" data-element_type=\"widget\" data-widget_type=\"theme-post-excerpt.default\">\n\t\t\t\t<div class=\"elementor-widget-container\">\n\t\t\t\t\tDescubra por que escolher um sal\u00e3o de festas no Rio de Janeiro pode transformar seu evento corporativo em uma experi\u00eancia \u00fanica e memor\u00e1vel.\t\t\t\t<\/div>\n\t\t\t\t<\/div>\n\t\t\t\t<\/a>\n\t\t\t\t<\/div>\n\t\t\t\t<div data-elementor-type=\"loop-item\" data-elementor-id=\"16127\" class=\"elementor elementor-16127 e-loop-item e-loop-item-17699 post-17699 post type-post status-publish format-standard has-post-thumbnail hentry category-bastidores category-dicas-inspiracoes\" data-elementor-post-type=\"elementor_library\" data-custom-edit-handle=\"1\">\n\t\t\t<a class=\"elementor-element elementor-element-356a0cf6 e-con-full e-flex e-con e-parent\" data-id=\"356a0cf6\" data-element_type=\"container\" href=\"https:\/\/exc.rio.br\/blog\/como-o-jardim-botanico-do-rio-influencia-o-exc\/\">\n\t\t\t\t<div class=\"elementor-element elementor-element-3177ea11 elementor-widget__width-inherit elementor-widget elementor-widget-theme-post-featured-image elementor-widget-image\" data-id=\"3177ea11\" data-element_type=\"widget\" data-widget_type=\"theme-post-featured-image.default\">\n\t\t\t\t<div class=\"elementor-widget-container\">\n\t\t\t\t\t\t\t\t\t\t\t\t\t\t\t<img decoding=\"async\" width=\"1280\" height=\"768\" src=\"https:\/\/exc.rio.br\/blog\/wp-content\/uploads\/2025\/12\/5c162b6d6b8970e3790f4e74325586f8545d1e5c.home_area4.jpg\" class=\"attachment-full size-full wp-image-17734\" alt=\"\" srcset=\"https:\/\/exc.rio.br\/blog\/wp-content\/uploads\/2025\/12\/5c162b6d6b8970e3790f4e74325586f8545d1e5c.home_area4.jpg 1280w, https:\/\/exc.rio.br\/blog\/wp-content\/uploads\/2025\/12\/5c162b6d6b8970e3790f4e74325586f8545d1e5c.home_area4-300x180.jpg 300w, https:\/\/exc.rio.br\/blog\/wp-content\/uploads\/2025\/12\/5c162b6d6b8970e3790f4e74325586f8545d1e5c.home_area4-1024x614.jpg 1024w, https:\/\/exc.rio.br\/blog\/wp-content\/uploads\/2025\/12\/5c162b6d6b8970e3790f4e74325586f8545d1e5c.home_area4-768x461.jpg 768w\" sizes=\"(max-width: 1280px) 100vw, 1280px\" \/>\t\t\t\t\t\t\t\t\t\t\t\t\t\t\t<\/div>\n\t\t\t\t<\/div>\n\t\t<div class=\"elementor-element elementor-element-6c71c73a e-con-full e-flex e-con e-child\" data-id=\"6c71c73a\" data-element_type=\"container\">\n\t\t\t\t<div class=\"elementor-element elementor-element-67b0f63a elementor-widget-mobile__width-initial elementor-widget elementor-widget-heading\" data-id=\"67b0f63a\" data-element_type=\"widget\" data-widget_type=\"heading.default\">\n\t\t\t\t<div class=\"elementor-widget-container\">\n\t\t\t\t\t<p class=\"elementor-heading-title elementor-size-default\"><span>Bastidores<\/span>, <span>Dicas &amp; Inspira\u00e7\u00f5es<\/span><\/p>\t\t\t\t<\/div>\n\t\t\t\t<\/div>\n\t\t\t\t<\/div>\n\t\t\t\t<div class=\"elementor-element elementor-element-2eb2b835 elementor-widget elementor-widget-theme-post-title elementor-page-title elementor-widget-heading\" data-id=\"2eb2b835\" data-element_type=\"widget\" data-widget_type=\"theme-post-title.default\">\n\t\t\t\t<div class=\"elementor-widget-container\">\n\t\t\t\t\t<h4 class=\"elementor-heading-title elementor-size-default\">Como o Jardim Bot\u00e2nico do Rio  influencia o Exc<\/h4>\t\t\t\t<\/div>\n\t\t\t\t<\/div>\n\t\t\t\t<div class=\"elementor-element elementor-element-4ec45a19 elementor-widget elementor-widget-theme-post-excerpt\" data-id=\"4ec45a19\" data-element_type=\"widget\" data-widget_type=\"theme-post-excerpt.default\">\n\t\t\t\t<div class=\"elementor-widget-container\">\n\t\t\t\t\tDecidimos que nossa arquitetura deveria acompanhar o entorno verde.\t\t\t\t<\/div>\n\t\t\t\t<\/div>\n\t\t\t\t<\/a>\n\t\t\t\t<\/div>\n\t\t\t\t<div data-elementor-type=\"loop-item\" data-elementor-id=\"16127\" class=\"elementor elementor-16127 e-loop-item e-loop-item-17651 post-17651 post type-post status-publish format-standard has-post-thumbnail hentry category-bastidores category-dicas-inspiracoes category-tendencias\" data-elementor-post-type=\"elementor_library\" data-custom-edit-handle=\"1\">\n\t\t\t<a class=\"elementor-element elementor-element-356a0cf6 e-con-full e-flex e-con e-parent\" data-id=\"356a0cf6\" data-element_type=\"container\" href=\"https:\/\/exc.rio.br\/blog\/antonela-braga-como-foram-os-bastidores-da-festa\/\">\n\t\t\t\t<div class=\"elementor-element elementor-element-3177ea11 elementor-widget__width-inherit elementor-widget elementor-widget-theme-post-featured-image elementor-widget-image\" data-id=\"3177ea11\" data-element_type=\"widget\" data-widget_type=\"theme-post-featured-image.default\">\n\t\t\t\t<div class=\"elementor-widget-container\">\n\t\t\t\t\t\t\t\t\t\t\t\t\t\t\t<img decoding=\"async\" width=\"1920\" height=\"1080\" src=\"https:\/\/exc.rio.br\/blog\/wp-content\/uploads\/2025\/12\/AB-FotoCapa.png\" class=\"attachment-full size-full wp-image-17683\" alt=\"\" srcset=\"https:\/\/exc.rio.br\/blog\/wp-content\/uploads\/2025\/12\/AB-FotoCapa.png 1920w, https:\/\/exc.rio.br\/blog\/wp-content\/uploads\/2025\/12\/AB-FotoCapa-300x169.png 300w, https:\/\/exc.rio.br\/blog\/wp-content\/uploads\/2025\/12\/AB-FotoCapa-1024x576.png 1024w, https:\/\/exc.rio.br\/blog\/wp-content\/uploads\/2025\/12\/AB-FotoCapa-768x432.png 768w, https:\/\/exc.rio.br\/blog\/wp-content\/uploads\/2025\/12\/AB-FotoCapa-1536x864.png 1536w\" sizes=\"(max-width: 1920px) 100vw, 1920px\" \/>\t\t\t\t\t\t\t\t\t\t\t\t\t\t\t<\/div>\n\t\t\t\t<\/div>\n\t\t<div class=\"elementor-element elementor-element-6c71c73a e-con-full e-flex e-con e-child\" data-id=\"6c71c73a\" data-element_type=\"container\">\n\t\t\t\t<div class=\"elementor-element elementor-element-67b0f63a elementor-widget-mobile__width-initial elementor-widget elementor-widget-heading\" data-id=\"67b0f63a\" data-element_type=\"widget\" data-widget_type=\"heading.default\">\n\t\t\t\t<div class=\"elementor-widget-container\">\n\t\t\t\t\t<p class=\"elementor-heading-title elementor-size-default\"><span>Bastidores<\/span>, <span>Dicas &amp; Inspira\u00e7\u00f5es<\/span>, <span>Tend\u00eancias<\/span><\/p>\t\t\t\t<\/div>\n\t\t\t\t<\/div>\n\t\t\t\t<\/div>\n\t\t\t\t<div class=\"elementor-element elementor-element-2eb2b835 elementor-widget elementor-widget-theme-post-title elementor-page-title elementor-widget-heading\" data-id=\"2eb2b835\" data-element_type=\"widget\" data-widget_type=\"theme-post-title.default\">\n\t\t\t\t<div class=\"elementor-widget-container\">\n\t\t\t\t\t<h4 class=\"elementor-heading-title elementor-size-default\">Antonela Braga: Como foram os bastidores da festa<\/h4>\t\t\t\t<\/div>\n\t\t\t\t<\/div>\n\t\t\t\t<div class=\"elementor-element elementor-element-4ec45a19 elementor-widget elementor-widget-theme-post-excerpt\" data-id=\"4ec45a19\" data-element_type=\"widget\" data-widget_type=\"theme-post-excerpt.default\">\n\t\t\t\t<div class=\"elementor-widget-container\">\n\t\t\t\t\tO anivers\u00e1rio de Antonela movimentou a internet. A influenciadora escolheu o Exc, na Zona Sul do Rio, para comemorar seus 16 anos.\t\t\t\t<\/div>\n\t\t\t\t<\/div>\n\t\t\t\t<\/a>\n\t\t\t\t<\/div>\n\t\t\t\t<div data-elementor-type=\"loop-item\" data-elementor-id=\"16127\" class=\"elementor elementor-16127 e-loop-item e-loop-item-17640 post-17640 post type-post status-publish format-standard has-post-thumbnail hentry category-bastidores category-dicas-inspiracoes\" data-elementor-post-type=\"elementor_library\" data-custom-edit-handle=\"1\">\n\t\t\t<a class=\"elementor-element elementor-element-356a0cf6 e-con-full e-flex e-con e-parent\" data-id=\"356a0cf6\" data-element_type=\"container\" href=\"https:\/\/exc.rio.br\/blog\/criatividade-carioca-arte-em-exposicao-no-exc-rio\/\">\n\t\t\t\t<div class=\"elementor-element elementor-element-3177ea11 elementor-widget__width-inherit elementor-widget elementor-widget-theme-post-featured-image elementor-widget-image\" data-id=\"3177ea11\" data-element_type=\"widget\" data-widget_type=\"theme-post-featured-image.default\">\n\t\t\t\t<div class=\"elementor-widget-container\">\n\t\t\t\t\t\t\t\t\t\t\t\t\t\t\t<img loading=\"lazy\" decoding=\"async\" width=\"2500\" height=\"1768\" src=\"https:\/\/exc.rio.br\/blog\/wp-content\/uploads\/2025\/12\/Exc-Espaco-Ilustrado-Artes1-1.png\" class=\"attachment-full size-full wp-image-17644\" alt=\"\" srcset=\"https:\/\/exc.rio.br\/blog\/wp-content\/uploads\/2025\/12\/Exc-Espaco-Ilustrado-Artes1-1.png 2500w, https:\/\/exc.rio.br\/blog\/wp-content\/uploads\/2025\/12\/Exc-Espaco-Ilustrado-Artes1-1-300x212.png 300w, https:\/\/exc.rio.br\/blog\/wp-content\/uploads\/2025\/12\/Exc-Espaco-Ilustrado-Artes1-1-1024x724.png 1024w, https:\/\/exc.rio.br\/blog\/wp-content\/uploads\/2025\/12\/Exc-Espaco-Ilustrado-Artes1-1-768x543.png 768w, https:\/\/exc.rio.br\/blog\/wp-content\/uploads\/2025\/12\/Exc-Espaco-Ilustrado-Artes1-1-1536x1086.png 1536w\" sizes=\"(max-width: 2500px) 100vw, 2500px\" \/>\t\t\t\t\t\t\t\t\t\t\t\t\t\t\t<\/div>\n\t\t\t\t<\/div>\n\t\t<div class=\"elementor-element elementor-element-6c71c73a e-con-full e-flex e-con e-child\" data-id=\"6c71c73a\" data-element_type=\"container\">\n\t\t\t\t<div class=\"elementor-element elementor-element-67b0f63a elementor-widget-mobile__width-initial elementor-widget elementor-widget-heading\" data-id=\"67b0f63a\" data-element_type=\"widget\" data-widget_type=\"heading.default\">\n\t\t\t\t<div class=\"elementor-widget-container\">\n\t\t\t\t\t<p class=\"elementor-heading-title elementor-size-default\"><span>Bastidores<\/span>, <span>Dicas &amp; Inspira\u00e7\u00f5es<\/span><\/p>\t\t\t\t<\/div>\n\t\t\t\t<\/div>\n\t\t\t\t<\/div>\n\t\t\t\t<div class=\"elementor-element elementor-element-2eb2b835 elementor-widget elementor-widget-theme-post-title elementor-page-title elementor-widget-heading\" data-id=\"2eb2b835\" data-element_type=\"widget\" data-widget_type=\"theme-post-title.default\">\n\t\t\t\t<div class=\"elementor-widget-container\">\n\t\t\t\t\t<h4 class=\"elementor-heading-title elementor-size-default\">Criatividade Carioca: arte em exposi\u00e7\u00e3o no Exc Rio<\/h4>\t\t\t\t<\/div>\n\t\t\t\t<\/div>\n\t\t\t\t<div class=\"elementor-element elementor-element-4ec45a19 elementor-widget elementor-widget-theme-post-excerpt\" data-id=\"4ec45a19\" data-element_type=\"widget\" data-widget_type=\"theme-post-excerpt.default\">\n\t\t\t\t<div class=\"elementor-widget-container\">\n\t\t\t\t\tA criatividade carioca sempre inspirou o Exc e, por isso, criamos o Espa\u00e7o Ilustrado, uma campanha anual que valoriza artistas \t\t\t\t<\/div>\n\t\t\t\t<\/div>\n\t\t\t\t<\/a>\n\t\t\t\t<\/div>\n\t\t\t\t<div data-elementor-type=\"loop-item\" data-elementor-id=\"16127\" class=\"elementor elementor-16127 e-loop-item e-loop-item-17486 post-17486 post type-post status-publish format-standard has-post-thumbnail hentry category-bastidores tag-cidade-do-rio-de-janeiro tag-eventos tag-rio-de-janeiro\" data-elementor-post-type=\"elementor_library\" data-custom-edit-handle=\"1\">\n\t\t\t<a class=\"elementor-element elementor-element-356a0cf6 e-con-full e-flex e-con e-parent\" data-id=\"356a0cf6\" data-element_type=\"container\" href=\"https:\/\/exc.rio.br\/blog\/como-escolher-o-melhor-espaco-para-eventos-no-rio\/\">\n\t\t\t\t<div class=\"elementor-element elementor-element-3177ea11 elementor-widget__width-inherit elementor-widget elementor-widget-theme-post-featured-image elementor-widget-image\" data-id=\"3177ea11\" data-element_type=\"widget\" data-widget_type=\"theme-post-featured-image.default\">\n\t\t\t\t<div class=\"elementor-widget-container\">\n\t\t\t\t\t\t\t\t\t\t\t\t\t\t\t<img loading=\"lazy\" decoding=\"async\" width=\"1280\" height=\"768\" src=\"https:\/\/exc.rio.br\/blog\/wp-content\/uploads\/2025\/11\/2.jpeg\" class=\"attachment-full size-full wp-image-17488\" alt=\"Eventos no Rio\" srcset=\"https:\/\/exc.rio.br\/blog\/wp-content\/uploads\/2025\/11\/2.jpeg 1280w, https:\/\/exc.rio.br\/blog\/wp-content\/uploads\/2025\/11\/2-300x180.jpeg 300w, https:\/\/exc.rio.br\/blog\/wp-content\/uploads\/2025\/11\/2-1024x614.jpeg 1024w, https:\/\/exc.rio.br\/blog\/wp-content\/uploads\/2025\/11\/2-768x461.jpeg 768w\" sizes=\"(max-width: 1280px) 100vw, 1280px\" \/>\t\t\t\t\t\t\t\t\t\t\t\t\t\t\t<\/div>\n\t\t\t\t<\/div>\n\t\t<div class=\"elementor-element elementor-element-6c71c73a e-con-full e-flex e-con e-child\" data-id=\"6c71c73a\" data-element_type=\"container\">\n\t\t\t\t<div class=\"elementor-element elementor-element-67b0f63a elementor-widget-mobile__width-initial elementor-widget elementor-widget-heading\" data-id=\"67b0f63a\" data-element_type=\"widget\" data-widget_type=\"heading.default\">\n\t\t\t\t<div class=\"elementor-widget-container\">\n\t\t\t\t\t<p class=\"elementor-heading-title elementor-size-default\"><span>Bastidores<\/span><\/p>\t\t\t\t<\/div>\n\t\t\t\t<\/div>\n\t\t\t\t<\/div>\n\t\t\t\t<div class=\"elementor-element elementor-element-2eb2b835 elementor-widget elementor-widget-theme-post-title elementor-page-title elementor-widget-heading\" data-id=\"2eb2b835\" data-element_type=\"widget\" data-widget_type=\"theme-post-title.default\">\n\t\t\t\t<div class=\"elementor-widget-container\">\n\t\t\t\t\t<h4 class=\"elementor-heading-title elementor-size-default\">Como escolher o melhor espa\u00e7o para eventos no Rio<\/h4>\t\t\t\t<\/div>\n\t\t\t\t<\/div>\n\t\t\t\t<div class=\"elementor-element elementor-element-4ec45a19 elementor-widget elementor-widget-theme-post-excerpt\" data-id=\"4ec45a19\" data-element_type=\"widget\" data-widget_type=\"theme-post-excerpt.default\">\n\t\t\t\t<div class=\"elementor-widget-container\">\n\t\t\t\t\tDescubra como escolher o melhor espa\u00e7o para eventos no Rio de Janeiro e transforme sua celebra\u00e7\u00e3o em uma experi\u00eancia inesquec\u00edvel.\t\t\t\t<\/div>\n\t\t\t\t<\/div>\n\t\t\t\t<\/a>\n\t\t\t\t<\/div>\n\t\t\t\t<div data-elementor-type=\"loop-item\" data-elementor-id=\"16127\" class=\"elementor elementor-16127 e-loop-item e-loop-item-17090 post-17090 post type-post status-publish format-standard has-post-thumbnail hentry category-bastidores\" data-elementor-post-type=\"elementor_library\" data-custom-edit-handle=\"1\">\n\t\t\t<a class=\"elementor-element elementor-element-356a0cf6 e-con-full e-flex e-con e-parent\" data-id=\"356a0cf6\" data-element_type=\"container\" href=\"https:\/\/exc.rio.br\/blog\/jockey-club-um-espaco-historico-no-coracao-do-rio\/\">\n\t\t\t\t<div class=\"elementor-element elementor-element-3177ea11 elementor-widget__width-inherit elementor-widget elementor-widget-theme-post-featured-image elementor-widget-image\" data-id=\"3177ea11\" data-element_type=\"widget\" data-widget_type=\"theme-post-featured-image.default\">\n\t\t\t\t<div class=\"elementor-widget-container\">\n\t\t\t\t\t\t\t\t\t\t\t\t\t\t\t<img loading=\"lazy\" decoding=\"async\" width=\"2560\" height=\"1707\" src=\"https:\/\/exc.rio.br\/blog\/wp-content\/uploads\/2025\/10\/N-G-896-scaled.jpg\" class=\"attachment-full size-full wp-image-17096\" alt=\"\" srcset=\"https:\/\/exc.rio.br\/blog\/wp-content\/uploads\/2025\/10\/N-G-896-scaled.jpg 2560w, https:\/\/exc.rio.br\/blog\/wp-content\/uploads\/2025\/10\/N-G-896-300x200.jpg 300w, https:\/\/exc.rio.br\/blog\/wp-content\/uploads\/2025\/10\/N-G-896-1024x683.jpg 1024w, https:\/\/exc.rio.br\/blog\/wp-content\/uploads\/2025\/10\/N-G-896-768x512.jpg 768w, https:\/\/exc.rio.br\/blog\/wp-content\/uploads\/2025\/10\/N-G-896-1536x1024.jpg 1536w, https:\/\/exc.rio.br\/blog\/wp-content\/uploads\/2025\/10\/N-G-896-2048x1365.jpg 2048w\" sizes=\"(max-width: 2560px) 100vw, 2560px\" \/>\t\t\t\t\t\t\t\t\t\t\t\t\t\t\t<\/div>\n\t\t\t\t<\/div>\n\t\t<div class=\"elementor-element elementor-element-6c71c73a e-con-full e-flex e-con e-child\" data-id=\"6c71c73a\" data-element_type=\"container\">\n\t\t\t\t<div class=\"elementor-element elementor-element-67b0f63a elementor-widget-mobile__width-initial elementor-widget elementor-widget-heading\" data-id=\"67b0f63a\" data-element_type=\"widget\" data-widget_type=\"heading.default\">\n\t\t\t\t<div class=\"elementor-widget-container\">\n\t\t\t\t\t<p class=\"elementor-heading-title elementor-size-default\"><span>Bastidores<\/span><\/p>\t\t\t\t<\/div>\n\t\t\t\t<\/div>\n\t\t\t\t<\/div>\n\t\t\t\t<div class=\"elementor-element elementor-element-2eb2b835 elementor-widget elementor-widget-theme-post-title elementor-page-title elementor-widget-heading\" data-id=\"2eb2b835\" data-element_type=\"widget\" data-widget_type=\"theme-post-title.default\">\n\t\t\t\t<div class=\"elementor-widget-container\">\n\t\t\t\t\t<h4 class=\"elementor-heading-title elementor-size-default\">Jockey Club: Um espa\u00e7o hist\u00f3rico no cora\u00e7\u00e3o do Rio<\/h4>\t\t\t\t<\/div>\n\t\t\t\t<\/div>\n\t\t\t\t<div class=\"elementor-element elementor-element-4ec45a19 elementor-widget elementor-widget-theme-post-excerpt\" data-id=\"4ec45a19\" data-element_type=\"widget\" data-widget_type=\"theme-post-excerpt.default\">\n\t\t\t\t<div class=\"elementor-widget-container\">\n\t\t\t\t\tEm meio aos arcos e colunatas hist\u00f3ricas do Jockey Club, o Exc surge com uma arquitetura moderna e flex\u00edvel.\t\t\t\t<\/div>\n\t\t\t\t<\/div>\n\t\t\t\t<\/a>\n\t\t\t\t<\/div>\n\t\t\t\t<\/div>\n\t\t\n\t\t\t\t\t\t<\/div>\n\t\t\t\t<\/div>\n\t\t\t\t<\/div>\n\t\t\t\t<\/div>\n\t\t","protected":false},"excerpt":{"rendered":"","protected":false},"author":1,"featured_media":0,"parent":0,"menu_order":0,"comment_status":"closed","ping_status":"closed","template":"","meta":{"_acf_changed":false,"_monsterinsights_skip_tracking":false,"_monsterinsights_sitenote_active":false,"_monsterinsights_sitenote_note":"","_monsterinsights_sitenote_category":0,"_uf_show_specific_survey":0,"_uf_disable_surveys":false,"footnotes":""},"class_list":["post-15996","page","type-page","status-publish","hentry"],"acf":[],"_links":{"self":[{"href":"https:\/\/exc.rio.br\/blog\/wp-json\/wp\/v2\/pages\/15996","targetHints":{"allow":["GET"]}}],"collection":[{"href":"https:\/\/exc.rio.br\/blog\/wp-json\/wp\/v2\/pages"}],"about":[{"href":"https:\/\/exc.rio.br\/blog\/wp-json\/wp\/v2\/types\/page"}],"author":[{"embeddable":true,"href":"https:\/\/exc.rio.br\/blog\/wp-json\/wp\/v2\/users\/1"}],"replies":[{"embeddable":true,"href":"https:\/\/exc.rio.br\/blog\/wp-json\/wp\/v2\/comments?post=15996"}],"version-history":[{"count":7,"href":"https:\/\/exc.rio.br\/blog\/wp-json\/wp\/v2\/pages\/15996\/revisions"}],"predecessor-version":[{"id":16186,"href":"https:\/\/exc.rio.br\/blog\/wp-json\/wp\/v2\/pages\/15996\/revisions\/16186"}],"wp:attachment":[{"href":"https:\/\/exc.rio.br\/blog\/wp-json\/wp\/v2\/media?parent=15996"}],"curies":[{"name":"wp","href":"https:\/\/api.w.org\/{rel}","templated":true}]}}